{"id":4140,"date":"2023-12-07T17:00:34","date_gmt":"2023-12-07T20:00:34","guid":{"rendered":"https:\/\/coreconsulting.com.br\/?page_id=4140"},"modified":"2024-04-12T16:58:45","modified_gmt":"2024-04-12T19:58:45","slug":"produtoseservicos","status":"publish","type":"page","link":"https:\/\/coreconsulting.com.br\/en\/produtoseservicos\/","title":{"rendered":"Products and services"},"content":{"rendered":"<div data-elementor-type=\"wp-page\" data-elementor-id=\"4140\" class=\"elementor elementor-4140\" data-elementor-post-type=\"page\">\n\t\t\t\t\t\t<section class=\"elementor-section elementor-top-section elementor-element elementor-element-37d0327 elementor-section-boxed elementor-section-height-default elementor-section-height-default\" data-id=\"37d0327\" data-element_type=\"section\" data-e-type=\"section\">\n\t\t\t\t\t\t<div class=\"elementor-container elementor-column-gap-default\">\n\t\t\t\t\t<div class=\"elementor-column elementor-col-100 elementor-top-column elementor-element elementor-element-09852e0\" data-id=\"09852e0\" data-element_type=\"column\" data-e-type=\"column\">\n\t\t\t<div class=\"elementor-widget-wrap elementor-element-populated\">\n\t\t\t\t\t\t<div class=\"elementor-element elementor-element-5ef8900 elementor-widget elementor-widget-menu-anchor\" data-id=\"5ef8900\" data-element_type=\"widget\" data-e-type=\"widget\" data-widget_type=\"menu-anchor.default\">\n\t\t\t\t<div class=\"elementor-widget-container\">\n\t\t\t\t\t\t\t<div class=\"elementor-menu-anchor\" id=\"servicos\"><\/div>\n\t\t\t\t\t\t<\/div>\n\t\t\t\t<\/div>\n\t\t\t\t\t<\/div>\n\t\t<\/div>\n\t\t\t\t\t<\/div>\n\t\t<\/section>\n\t\t\t\t<section class=\"elementor-section elementor-top-section elementor-element elementor-element-efdcc38 elementor-section-boxed elementor-section-height-default elementor-section-height-default\" data-id=\"efdcc38\" data-element_type=\"section\" data-e-type=\"section\">\n\t\t\t\t\t\t<div class=\"elementor-container elementor-column-gap-default\">\n\t\t\t\t\t<div class=\"elementor-column elementor-col-100 elementor-top-column elementor-element elementor-element-ca1d018\" data-id=\"ca1d018\" data-element_type=\"column\" data-e-type=\"column\">\n\t\t\t<div class=\"elementor-widget-wrap elementor-element-populated\">\n\t\t\t\t\t\t<div class=\"elementor-element elementor-element-2f31ff8 elementor-widget elementor-widget-heading\" data-id=\"2f31ff8\" data-element_type=\"widget\" data-e-type=\"widget\" data-widget_type=\"heading.default\">\n\t\t\t\t<div class=\"elementor-widget-container\">\n\t\t\t\t\t<h2 class=\"elementor-heading-title elementor-size-default\">Specialized services<\/h2>\t\t\t\t<\/div>\n\t\t\t\t<\/div>\n\t\t\t\t\t<\/div>\n\t\t<\/div>\n\t\t\t\t\t<\/div>\n\t\t<\/section>\n\t\t\t\t<section class=\"elementor-section elementor-top-section elementor-element elementor-element-c773d0d elementor-section-boxed elementor-section-height-default elementor-section-height-default\" data-id=\"c773d0d\" data-element_type=\"section\" data-e-type=\"section\">\n\t\t\t\t\t\t<div class=\"elementor-container elementor-column-gap-default\">\n\t\t\t\t\t<div class=\"elementor-column elementor-col-100 elementor-top-column elementor-element elementor-element-83c3504\" data-id=\"83c3504\" data-element_type=\"column\" data-e-type=\"column\">\n\t\t\t<div class=\"elementor-widget-wrap elementor-element-populated\">\n\t\t\t\t\t\t<div class=\"elementor-element elementor-element-6795b6d elementor-widget elementor-widget-text-editor\" data-id=\"6795b6d\" data-element_type=\"widget\" data-e-type=\"widget\" data-widget_type=\"text-editor.default\">\n\t\t\t\t<div class=\"elementor-widget-container\">\n\t\t\t\t\t\t\t\t\t<p>Core Consulting offers specialized technical services for health plan operators, for the SUS in states and municipalities, hospital networks and diagnostic laboratories, who wish to implement strategies and technological solutions for interoperability and digital health services, such as:<\/p>\t\t\t\t\t\t\t\t<\/div>\n\t\t\t\t<\/div>\n\t\t\t\t\t<\/div>\n\t\t<\/div>\n\t\t\t\t\t<\/div>\n\t\t<\/section>\n\t\t\t\t<section class=\"elementor-section elementor-top-section elementor-element elementor-element-04f7864 elementor-section-boxed elementor-section-height-default elementor-section-height-default\" data-id=\"04f7864\" data-element_type=\"section\" data-e-type=\"section\">\n\t\t\t\t\t\t<div class=\"elementor-container elementor-column-gap-default\">\n\t\t\t\t\t<div class=\"elementor-column elementor-col-100 elementor-top-column elementor-element elementor-element-bb76eb8\" data-id=\"bb76eb8\" data-element_type=\"column\" data-e-type=\"column\">\n\t\t\t<div class=\"elementor-widget-wrap elementor-element-populated\">\n\t\t\t\t\t\t<div class=\"elementor-element elementor-element-ce4924e elementor-widget elementor-widget-text-editor\" data-id=\"ce4924e\" data-element_type=\"widget\" data-e-type=\"widget\" data-widget_type=\"text-editor.default\">\n\t\t\t\t<div class=\"elementor-widget-container\">\n\t\t\t\t\t\t\t\t\t<ul><li>Preparation of strategic and tactical plans for interoperability of health information;<\/li><li>Implementation of HL7 FHIR technical specifications;<\/li><li>Preparation of specialized opinions;<\/li><li>Carrying out workshops and lectures;<\/li><li>Development of analytical panels for population health management and administrative information.<\/li><\/ul>\t\t\t\t\t\t\t\t<\/div>\n\t\t\t\t<\/div>\n\t\t\t\t\t<\/div>\n\t\t<\/div>\n\t\t\t\t\t<\/div>\n\t\t<\/section>\n\t\t\t\t<section class=\"elementor-section elementor-top-section elementor-element elementor-element-140e3b2 elementor-section-boxed elementor-section-height-default elementor-section-height-default\" data-id=\"140e3b2\" data-element_type=\"section\" data-e-type=\"section\">\n\t\t\t\t\t\t<div class=\"elementor-container elementor-column-gap-default\">\n\t\t\t\t\t<div class=\"elementor-column elementor-col-100 elementor-top-column elementor-element elementor-element-7cadf76\" data-id=\"7cadf76\" data-element_type=\"column\" data-e-type=\"column\">\n\t\t\t<div class=\"elementor-widget-wrap elementor-element-populated\">\n\t\t\t\t\t\t<div class=\"elementor-element elementor-element-2d98e41 elementor-widget elementor-widget-heading\" data-id=\"2d98e41\" data-element_type=\"widget\" data-e-type=\"widget\" data-widget_type=\"heading.default\">\n\t\t\t\t<div class=\"elementor-widget-container\">\n\t\t\t\t\t<h2 class=\"elementor-heading-title elementor-size-default\">Fluxmed Platform<sup>\u00ae<\/h2>\t\t\t\t<\/div>\n\t\t\t\t<\/div>\n\t\t\t\t\t<\/div>\n\t\t<\/div>\n\t\t\t\t\t<\/div>\n\t\t<\/section>\n\t\t\t\t<section class=\"elementor-section elementor-top-section elementor-element elementor-element-d31550e elementor-section-boxed elementor-section-height-default elementor-section-height-default\" data-id=\"d31550e\" data-element_type=\"section\" data-e-type=\"section\">\n\t\t\t\t\t\t<div class=\"elementor-container elementor-column-gap-default\">\n\t\t\t\t\t<div class=\"elementor-column elementor-col-100 elementor-top-column elementor-element elementor-element-247395d\" data-id=\"247395d\" data-element_type=\"column\" data-e-type=\"column\">\n\t\t\t<div class=\"elementor-widget-wrap elementor-element-populated\">\n\t\t\t\t\t\t<div class=\"elementor-element elementor-element-4d33690 elementor-widget elementor-widget-text-editor\" data-id=\"4d33690\" data-element_type=\"widget\" data-e-type=\"widget\" data-widget_type=\"text-editor.default\">\n\t\t\t\t<div class=\"elementor-widget-container\">\n\t\t\t\t\t\t\t\t\t<p>A product developed by Core Consulting since 2017, Fluxmed is a service-oriented 100% developed platform, in compliance with HL7 FHIR and OpenEHR standards. Fluxmed associated with specialized services constitutes a powerful tool for the development, implementation and operation of digital health services. Find out more at <a href=\"https:\/\/fluxmed.com.br\">fluxmed.com.br.<\/a><\/p>\t\t\t\t\t\t\t\t<\/div>\n\t\t\t\t<\/div>\n\t\t\t\t\t<\/div>\n\t\t<\/div>\n\t\t\t\t\t<\/div>\n\t\t<\/section>\n\t\t\t\t<\/div>","protected":false},"excerpt":{"rendered":"<p>Servi\u00e7os especializados A Core Consulting oferece servi\u00e7os t\u00e9cnicos especializados para operadoras de planos de sa\u00fade, para o SUS em estados e munic\u00edpios, redes hospitalares e laborat\u00f3rios de diagn\u00f3sticos, que desejem implatar estrat\u00e9gias e solu\u00e7\u00f5es tecnol\u00f3gicas para interoperabilidade e servi\u00e7os digitais de sa\u00fade, tais como: Elabora\u00e7\u00e3o de planos estrat\u00e9gicos e t\u00e1ticos para interoperabilidade de informa\u00e7\u00f5es em [&hellip;]<\/p>\n","protected":false},"author":2,"featured_media":0,"parent":0,"menu_order":0,"comment_status":"closed","ping_status":"closed","template":"","meta":{"_acf_changed":false,"_eb_attr":"","_joinchat":[],"footnotes":""},"class_list":["post-4140","page","type-page","status-publish","hentry"],"acf":[],"_links":{"self":[{"href":"https:\/\/coreconsulting.com.br\/en\/wp-json\/wp\/v2\/pages\/4140","targetHints":{"allow":["GET"]}}],"collection":[{"href":"https:\/\/coreconsulting.com.br\/en\/wp-json\/wp\/v2\/pages"}],"about":[{"href":"https:\/\/coreconsulting.com.br\/en\/wp-json\/wp\/v2\/types\/page"}],"author":[{"embeddable":true,"href":"https:\/\/coreconsulting.com.br\/en\/wp-json\/wp\/v2\/users\/2"}],"replies":[{"embeddable":true,"href":"https:\/\/coreconsulting.com.br\/en\/wp-json\/wp\/v2\/comments?post=4140"}],"version-history":[{"count":53,"href":"https:\/\/coreconsulting.com.br\/en\/wp-json\/wp\/v2\/pages\/4140\/revisions"}],"predecessor-version":[{"id":4330,"href":"https:\/\/coreconsulting.com.br\/en\/wp-json\/wp\/v2\/pages\/4140\/revisions\/4330"}],"wp:attachment":[{"href":"https:\/\/coreconsulting.com.br\/en\/wp-json\/wp\/v2\/media?parent=4140"}],"curies":[{"name":"wp","href":"https:\/\/api.w.org\/{rel}","templated":true}]}}