{"id":4082,"date":"2023-12-05T10:57:59","date_gmt":"2023-12-05T13:57:59","guid":{"rendered":"https:\/\/coreconsulting.com.br\/?page_id=4082"},"modified":"2024-04-12T16:57:56","modified_gmt":"2024-04-12T19:57:56","slug":"institucional","status":"publish","type":"page","link":"https:\/\/coreconsulting.com.br\/en\/institucional\/","title":{"rendered":"Institutional"},"content":{"rendered":"<div data-elementor-type=\"wp-page\" data-elementor-id=\"4082\" class=\"elementor elementor-4082\" data-elementor-post-type=\"page\">\n\t\t\t\t\t\t<section class=\"elementor-section elementor-top-section elementor-element elementor-element-8ae827b elementor-section-boxed elementor-section-height-default elementor-section-height-default\" data-id=\"8ae827b\" data-element_type=\"section\" data-e-type=\"section\">\n\t\t\t\t\t\t<div class=\"elementor-container elementor-column-gap-default\">\n\t\t\t\t\t<div class=\"elementor-column elementor-col-50 elementor-top-column elementor-element elementor-element-7c69de4\" data-id=\"7c69de4\" data-element_type=\"column\" data-e-type=\"column\">\n\t\t\t<div class=\"elementor-widget-wrap elementor-element-populated\">\n\t\t\t\t\t\t<div class=\"elementor-element elementor-element-2dddc00 elementor-widget elementor-widget-text-editor\" data-id=\"2dddc00\" data-element_type=\"widget\" data-e-type=\"widget\" data-widget_type=\"text-editor.default\">\n\t\t\t\t<div class=\"elementor-widget-container\">\n\t\t\t\t\t\t\t\t\t<p>Mission<\/p>\t\t\t\t\t\t\t\t<\/div>\n\t\t\t\t<\/div>\n\t\t\t\t\t<\/div>\n\t\t<\/div>\n\t\t\t\t<div class=\"elementor-column elementor-col-50 elementor-top-column elementor-element elementor-element-ef7b8d6\" data-id=\"ef7b8d6\" data-element_type=\"column\" data-e-type=\"column\">\n\t\t\t<div class=\"elementor-widget-wrap elementor-element-populated\">\n\t\t\t\t\t\t<div class=\"elementor-element elementor-element-dc394af elementor-widget elementor-widget-text-editor\" data-id=\"dc394af\" data-element_type=\"widget\" data-e-type=\"widget\" data-widget_type=\"text-editor.default\">\n\t\t\t\t<div class=\"elementor-widget-container\">\n\t\t\t\t\t\t\t\t\t<p>Vision<\/p>\t\t\t\t\t\t\t\t<\/div>\n\t\t\t\t<\/div>\n\t\t\t\t\t<\/div>\n\t\t<\/div>\n\t\t\t\t\t<\/div>\n\t\t<\/section>\n\t\t\t\t<section class=\"elementor-section elementor-top-section elementor-element elementor-element-6c2e86b elementor-section-boxed elementor-section-height-default elementor-section-height-default\" data-id=\"6c2e86b\" data-element_type=\"section\" data-e-type=\"section\">\n\t\t\t\t\t\t<div class=\"elementor-container elementor-column-gap-default\">\n\t\t\t\t\t<div class=\"elementor-column elementor-col-50 elementor-top-column elementor-element elementor-element-18b114f\" data-id=\"18b114f\" data-element_type=\"column\" data-e-type=\"column\">\n\t\t\t<div class=\"elementor-widget-wrap elementor-element-populated\">\n\t\t\t\t\t\t<div class=\"elementor-element elementor-element-dd5e5df elementor-widget elementor-widget-text-editor\" data-id=\"dd5e5df\" data-element_type=\"widget\" data-e-type=\"widget\" data-widget_type=\"text-editor.default\">\n\t\t\t\t<div class=\"elementor-widget-container\">\n\t\t\t\t\t\t\t\t\t<p><em>By 2025, position the Fluxmed\u00ae and Core Consulting\u00ae brand in the Brazilian and international market as an innovative company in the provision of digital health services; in the development, implementation and operation of service-oriented technological solutions.<\/em><\/p>\t\t\t\t\t\t\t\t<\/div>\n\t\t\t\t<\/div>\n\t\t\t\t\t<\/div>\n\t\t<\/div>\n\t\t\t\t<div class=\"elementor-column elementor-col-50 elementor-top-column elementor-element elementor-element-2053326\" data-id=\"2053326\" data-element_type=\"column\" data-e-type=\"column\">\n\t\t\t<div class=\"elementor-widget-wrap elementor-element-populated\">\n\t\t\t\t\t\t<div class=\"elementor-element elementor-element-8e03faa elementor-widget elementor-widget-text-editor\" data-id=\"8e03faa\" data-element_type=\"widget\" data-e-type=\"widget\" data-widget_type=\"text-editor.default\">\n\t\t\t\t<div class=\"elementor-widget-container\">\n\t\t\t\t\t\t\t\t\t<p><em>Contribute to the national and international scenario with excellence in the development of digital health services, which can positively impact the quality of patient care and management efficiency for care networks and health organizations.<\/em><\/p>\t\t\t\t\t\t\t\t<\/div>\n\t\t\t\t<\/div>\n\t\t\t\t\t<\/div>\n\t\t<\/div>\n\t\t\t\t\t<\/div>\n\t\t<\/section>\n\t\t\t\t<section class=\"elementor-section elementor-top-section elementor-element elementor-element-f179cba elementor-section-boxed elementor-section-height-default elementor-section-height-default\" data-id=\"f179cba\" data-element_type=\"section\" data-e-type=\"section\">\n\t\t\t\t\t\t<div class=\"elementor-container elementor-column-gap-default\">\n\t\t\t\t\t<div class=\"elementor-column elementor-col-100 elementor-top-column elementor-element elementor-element-b90647f\" data-id=\"b90647f\" data-element_type=\"column\" data-e-type=\"column\">\n\t\t\t<div class=\"elementor-widget-wrap elementor-element-populated\">\n\t\t\t\t\t\t<div class=\"elementor-element elementor-element-b583a70 elementor-widget elementor-widget-text-editor\" data-id=\"b583a70\" data-element_type=\"widget\" data-e-type=\"widget\" data-widget_type=\"text-editor.default\">\n\t\t\t\t<div class=\"elementor-widget-container\">\n\t\t\t\t\t\t\t\t\t<p>Values<\/p>\t\t\t\t\t\t\t\t<\/div>\n\t\t\t\t<\/div>\n\t\t\t\t\t<\/div>\n\t\t<\/div>\n\t\t\t\t\t<\/div>\n\t\t<\/section>\n\t\t\t\t<section class=\"elementor-section elementor-top-section elementor-element elementor-element-8aad18e elementor-section-boxed elementor-section-height-default elementor-section-height-default\" data-id=\"8aad18e\" data-element_type=\"section\" data-e-type=\"section\">\n\t\t\t\t\t\t<div class=\"elementor-container elementor-column-gap-default\">\n\t\t\t\t\t<div class=\"elementor-column elementor-col-100 elementor-top-column elementor-element elementor-element-f115d22\" data-id=\"f115d22\" data-element_type=\"column\" data-e-type=\"column\">\n\t\t\t<div class=\"elementor-widget-wrap elementor-element-populated\">\n\t\t\t\t\t\t<div class=\"elementor-element elementor-element-5e71344 elementor-widget elementor-widget-text-editor\" data-id=\"5e71344\" data-element_type=\"widget\" data-e-type=\"widget\" data-widget_type=\"text-editor.default\">\n\t\t\t\t<div class=\"elementor-widget-container\">\n\t\t\t\t\t\t\t\t\t<ul>\n<li>respect for customers by delivering a high level of technical qualification of products and services<\/li>\n<li>maintenance of a qualified technical team to provide specialized services<\/li>\n<li>technological solutions in compliance with LGPD \u2013 Brazilian General Data Protection Law<\/li>\n<li>commitment to the use of international and national health information interoperability standards<\/li>\n<li>development of service-oriented technological solutions<\/li>\n<li>delivery of services with a high level of technical excellence<\/li>\n<\/ul>\t\t\t\t\t\t\t\t<\/div>\n\t\t\t\t<\/div>\n\t\t\t\t\t<\/div>\n\t\t<\/div>\n\t\t\t\t\t<\/div>\n\t\t<\/section>\n\t\t\t\t<\/div>","protected":false},"excerpt":{"rendered":"<p>Miss\u00e3o Vis\u00e3o At\u00e9 2025 posicionar a marca Fluxmed\u00ae e Core Consulting\u00ae no mercado brasileiro e internacional como empresa inovadora no fornecimento de servi\u00e7os digitais para sa\u00fade; no desenvolvimento, implanta\u00e7\u00e3o e opera\u00e7\u00e3o de solu\u00e7\u00f5es tecnol\u00f3gicas orientadas a servi\u00e7o. Contribuir para o cen\u00e1rio nacional e internacional com excel\u00eancia no desenvolvimento de servi\u00e7os digitais para sa\u00fade, que possam [&hellip;]<\/p>\n","protected":false},"author":2,"featured_media":0,"parent":0,"menu_order":0,"comment_status":"closed","ping_status":"closed","template":"","meta":{"_acf_changed":false,"_eb_attr":"","_joinchat":[],"footnotes":""},"class_list":["post-4082","page","type-page","status-publish","hentry"],"acf":[],"_links":{"self":[{"href":"https:\/\/coreconsulting.com.br\/en\/wp-json\/wp\/v2\/pages\/4082","targetHints":{"allow":["GET"]}}],"collection":[{"href":"https:\/\/coreconsulting.com.br\/en\/wp-json\/wp\/v2\/pages"}],"about":[{"href":"https:\/\/coreconsulting.com.br\/en\/wp-json\/wp\/v2\/types\/page"}],"author":[{"embeddable":true,"href":"https:\/\/coreconsulting.com.br\/en\/wp-json\/wp\/v2\/users\/2"}],"replies":[{"embeddable":true,"href":"https:\/\/coreconsulting.com.br\/en\/wp-json\/wp\/v2\/comments?post=4082"}],"version-history":[{"count":23,"href":"https:\/\/coreconsulting.com.br\/en\/wp-json\/wp\/v2\/pages\/4082\/revisions"}],"predecessor-version":[{"id":4327,"href":"https:\/\/coreconsulting.com.br\/en\/wp-json\/wp\/v2\/pages\/4082\/revisions\/4327"}],"wp:attachment":[{"href":"https:\/\/coreconsulting.com.br\/en\/wp-json\/wp\/v2\/media?parent=4082"}],"curies":[{"name":"wp","href":"https:\/\/api.w.org\/{rel}","templated":true}]}}