{"id":3850,"date":"2023-11-08T10:18:17","date_gmt":"2023-11-08T13:18:17","guid":{"rendered":"https:\/\/coreconsulting.com.br\/?page_id=3850"},"modified":"2024-04-12T16:59:25","modified_gmt":"2024-04-12T19:59:25","slug":"sobre","status":"publish","type":"page","link":"https:\/\/coreconsulting.com.br\/en\/sobre\/","title":{"rendered":"On"},"content":{"rendered":"<div data-elementor-type=\"wp-page\" data-elementor-id=\"3850\" class=\"elementor elementor-3850\" data-elementor-post-type=\"page\">\n\t\t\t\t\t\t<section class=\"elementor-section elementor-top-section elementor-element elementor-element-9e25254 elementor-section-boxed elementor-section-height-default elementor-section-height-default\" data-id=\"9e25254\" data-element_type=\"section\" data-e-type=\"section\">\n\t\t\t\t\t\t<div class=\"elementor-container elementor-column-gap-default\">\n\t\t\t\t\t<div class=\"elementor-column elementor-col-100 elementor-top-column elementor-element elementor-element-ac9c072\" data-id=\"ac9c072\" data-element_type=\"column\" data-e-type=\"column\">\n\t\t\t<div class=\"elementor-widget-wrap elementor-element-populated\">\n\t\t\t\t\t\t<div class=\"elementor-element elementor-element-86ad534 elementor-widget elementor-widget-heading\" data-id=\"86ad534\" data-element_type=\"widget\" data-e-type=\"widget\" data-widget_type=\"heading.default\">\n\t\t\t\t<div class=\"elementor-widget-container\">\n\t\t\t\t\t<h2 class=\"elementor-heading-title elementor-size-default\">On<\/h2>\t\t\t\t<\/div>\n\t\t\t\t<\/div>\n\t\t\t\t\t<\/div>\n\t\t<\/div>\n\t\t\t\t\t<\/div>\n\t\t<\/section>\n\t\t\t\t<section class=\"elementor-section elementor-top-section elementor-element elementor-element-8edf4a2 elementor-section-boxed elementor-section-height-default elementor-section-height-default\" data-id=\"8edf4a2\" data-element_type=\"section\" data-e-type=\"section\">\n\t\t\t\t\t\t<div class=\"elementor-container elementor-column-gap-default\">\n\t\t\t\t\t<div class=\"elementor-column elementor-col-100 elementor-top-column elementor-element elementor-element-89c6789\" data-id=\"89c6789\" data-element_type=\"column\" data-e-type=\"column\">\n\t\t\t<div class=\"elementor-widget-wrap elementor-element-populated\">\n\t\t\t\t\t\t<div class=\"elementor-element elementor-element-afc6bf8 elementor-widget elementor-widget-text-editor\" data-id=\"afc6bf8\" data-element_type=\"widget\" data-e-type=\"widget\" data-widget_type=\"text-editor.default\">\n\t\t\t\t<div class=\"elementor-widget-container\">\n\t\t\t\t\t\t\t\t\t<p>Core Consulting is a company specialized in developing technological solutions for digital health services.<\/p>\n<p><!-- \/wp:paragraph --><!-- wp:paragraph --><!-- \/wp:paragraph --><!-- wp:paragraph --><\/p>\n<p>Offers the market the <a href=\"https:\/\/fluxmed.com.br\" target=\"_blank\" rel=\"noopener\">Fluxmed<\/a>, a platform for the development of digital health services.<\/p>\n<p>The experience in implementing and developing projects for public and private companies, regulatory agencies, government bodies and international cooperation, distinguishes Core Consulting due to the complexity of the projects already executed and the network of relationships and international technical partnerships,<\/p>\n<p><!-- \/wp:paragraph --><!-- wp:paragraph --><\/p>\n<p><!-- \/wp:list-item --><\/p>\n<p><!-- \/wp:list --><!-- wp:paragraph --><\/p>\n<p>Created as <em>spin off <\/em>of research and development activities within the scope of the Pro-Graduation Program in Electrical Engineering at the University of Bras\u00edlia \u2013 UnB, based on the identification of opportunities in the areas of research practiced. The domains of knowledge regarding service-oriented computing and business process management are the core of this innovative company&#039;s expertise in information and communications technologies for the development of consultancy products and technological solutions for corporate business processes.<\/p>\n<p>Core Consulting has proven experience in carrying out interoperability projects using specialized middleware (service bus, API management and identity services) from the WSO2 Micro Integrator, Identity Server and APIM Manager product suite.<\/p>\t\t\t\t\t\t\t\t<\/div>\n\t\t\t\t<\/div>\n\t\t\t\t\t<\/div>\n\t\t<\/div>\n\t\t\t\t\t<\/div>\n\t\t<\/section>\n\t\t\t\t<section class=\"elementor-section elementor-top-section elementor-element elementor-element-76db16b elementor-section-boxed elementor-section-height-default elementor-section-height-default\" data-id=\"76db16b\" data-element_type=\"section\" data-e-type=\"section\">\n\t\t\t\t\t\t<div class=\"elementor-container elementor-column-gap-default\">\n\t\t\t\t\t<div class=\"elementor-column elementor-col-100 elementor-top-column elementor-element elementor-element-9948817\" data-id=\"9948817\" data-element_type=\"column\" data-e-type=\"column\">\n\t\t\t<div class=\"elementor-widget-wrap elementor-element-populated\">\n\t\t\t\t\t\t<div class=\"elementor-element elementor-element-f0cef2e elementor-widget elementor-widget-heading\" data-id=\"f0cef2e\" data-element_type=\"widget\" data-e-type=\"widget\" data-widget_type=\"heading.default\">\n\t\t\t\t<div class=\"elementor-widget-container\">\n\t\t\t\t\t<h2 class=\"elementor-heading-title elementor-size-default\">Projects carried out<\/h2>\t\t\t\t<\/div>\n\t\t\t\t<\/div>\n\t\t\t\t\t<\/div>\n\t\t<\/div>\n\t\t\t\t\t<\/div>\n\t\t<\/section>\n\t\t\t\t<section class=\"elementor-section elementor-top-section elementor-element elementor-element-ce36324 elementor-section-boxed elementor-section-height-default elementor-section-height-default\" data-id=\"ce36324\" data-element_type=\"section\" data-e-type=\"section\">\n\t\t\t\t\t\t<div class=\"elementor-container elementor-column-gap-default\">\n\t\t\t\t\t<div class=\"elementor-column elementor-col-100 elementor-top-column elementor-element elementor-element-2a28e62\" data-id=\"2a28e62\" data-element_type=\"column\" data-e-type=\"column\">\n\t\t\t<div class=\"elementor-widget-wrap elementor-element-populated\">\n\t\t\t\t\t\t<div class=\"elementor-element elementor-element-59f1173 elementor-widget elementor-widget-text-editor\" data-id=\"59f1173\" data-element_type=\"widget\" data-e-type=\"widget\" data-widget_type=\"text-editor.default\">\n\t\t\t\t<div class=\"elementor-widget-container\">\n\t\t\t\t\t\t\t\t\t<ul>\n<li>HU Digital Ebserh \u2013 interoperability platform for 40 hospitals in the Ebserh university hospital network \u2013 Brazilian Hospital Services Company\/MEC, 2022-2023.<\/li><li>Shared Health Record Open Platform (SHROP) \u2013 Jamaican Ministry of Health&#039;s electronic health record platform, 2021-2023.<!-- \/wp:list-item --><!-- wp:list-item --><\/li>\n<li>HAOC Interop \u2013 Clinical Interoperability Platform\/Electronic Health Record of Hospital Alem\u00e3o Oswaldo Cruz, 2019-2022;<!-- \/wp:list-item --><!-- wp:list-item --><\/li>\n<li>Health information interoperability platform for FESF \u2013 State Family Health Foundation of the State of Bahia, 2021;<!-- \/wp:list-item --><!-- wp:list-item --><\/li>\n<li>Prevent Senior \u2013 Integration project with an accredited network, 2020-2022;<!-- \/wp:list-item --><!-- wp:list-item --><\/li>\n<li>DigiSUS Infostructure \u2013 Ministry of Health, 2018-2020;<!-- \/wp:list-item --><!-- wp:list-item --><\/li>\n<li>Identity Management and Single-Sing-On Project at ANS, 2019-2021;<!-- \/wp:list-item --><!-- wp:list-item --><\/li>\n<li>ANS Beneficiary API Implementation Project, 2019-2020;<\/li>\n<li>National Center for Health Terminologies (Ministry of Health), 2017;<!-- \/wp:list-item --><!-- wp:list-item --><\/li>\n<li>Brazilian Medicines Ontology Services (Hospital S\u00edrio-Liban\u00eas\/Ministry of Health), 2017;<!-- \/wp:list-item --><!-- wp:list-item --><\/li>\n<li>Consultancy in the development of Interoperability Architecture (Seguros Unimed, 2017);<\/li><li style=\"font-size: 16px;\">Consultancy in the development of Service-Oriented Architecture for interoperability of DATAPREV Digital Services, 2016-2019;<\/li>\n<\/ul>\t\t\t\t\t\t\t\t<\/div>\n\t\t\t\t<\/div>\n\t\t\t\t\t<\/div>\n\t\t<\/div>\n\t\t\t\t\t<\/div>\n\t\t<\/section>\n\t\t\t\t<section class=\"elementor-section elementor-top-section elementor-element elementor-element-a29b6a2 elementor-section-boxed elementor-section-height-default elementor-section-height-default\" data-id=\"a29b6a2\" data-element_type=\"section\" data-e-type=\"section\">\n\t\t\t\t\t\t<div class=\"elementor-container elementor-column-gap-default\">\n\t\t\t\t\t<div class=\"elementor-column elementor-col-100 elementor-top-column elementor-element elementor-element-66e77b3\" data-id=\"66e77b3\" data-element_type=\"column\" data-e-type=\"column\">\n\t\t\t<div class=\"elementor-widget-wrap elementor-element-populated\">\n\t\t\t\t\t\t<div class=\"elementor-element elementor-element-4e94464 elementor-widget elementor-widget-heading\" data-id=\"4e94464\" data-element_type=\"widget\" data-e-type=\"widget\" data-widget_type=\"heading.default\">\n\t\t\t\t<div class=\"elementor-widget-container\">\n\t\t\t\t\t<h2 class=\"elementor-heading-title elementor-size-default\">Board<\/h2>\t\t\t\t<\/div>\n\t\t\t\t<\/div>\n\t\t\t\t\t<\/div>\n\t\t<\/div>\n\t\t\t\t\t<\/div>\n\t\t<\/section>\n\t\t\t\t<section class=\"elementor-section elementor-top-section elementor-element elementor-element-567f13b elementor-section-boxed elementor-section-height-default elementor-section-height-default\" data-id=\"567f13b\" data-element_type=\"section\" data-e-type=\"section\">\n\t\t\t\t\t\t<div class=\"elementor-container elementor-column-gap-default\">\n\t\t\t\t\t<div class=\"elementor-column elementor-col-33 elementor-top-column elementor-element elementor-element-321b66e\" data-id=\"321b66e\" data-element_type=\"column\" data-e-type=\"column\">\n\t\t\t<div class=\"elementor-widget-wrap elementor-element-populated\">\n\t\t\t\t\t\t<div class=\"elementor-element elementor-element-e860df8 elementor-widget elementor-widget-image\" data-id=\"e860df8\" data-element_type=\"widget\" data-e-type=\"widget\" data-widget_type=\"image.default\">\n\t\t\t\t<div class=\"elementor-widget-container\">\n\t\t\t\t\t\t\t\t\t\t\t\t<figure class=\"wp-caption\">\n\t\t\t\t\t\t\t\t\t\t<img decoding=\"async\" width=\"150\" height=\"150\" src=\"https:\/\/coreconsulting.com.br\/wp-content\/uploads\/sites\/5\/2020\/09\/purini-provisorio-carai-1-150x150-1.png\" class=\"attachment-large size-large wp-image-3068\" alt=\"\" \/>\t\t\t\t\t\t\t\t\t\t\t<figcaption class=\"widget-image-caption wp-caption-text\">Dr. Ricardo Puttini<\/figcaption>\n\t\t\t\t\t\t\t\t\t\t<\/figure>\n\t\t\t\t\t\t\t\t\t<\/div>\n\t\t\t\t<\/div>\n\t\t\t\t\t<\/div>\n\t\t<\/div>\n\t\t\t\t<div class=\"elementor-column elementor-col-33 elementor-top-column elementor-element elementor-element-45cf2e5\" data-id=\"45cf2e5\" data-element_type=\"column\" data-e-type=\"column\">\n\t\t\t<div class=\"elementor-widget-wrap elementor-element-populated\">\n\t\t\t\t\t\t<div class=\"elementor-element elementor-element-9dc6da5 elementor-widget elementor-widget-image\" data-id=\"9dc6da5\" data-element_type=\"widget\" data-e-type=\"widget\" data-widget_type=\"image.default\">\n\t\t\t\t<div class=\"elementor-widget-container\">\n\t\t\t\t\t\t\t\t\t\t\t\t<figure class=\"wp-caption\">\n\t\t\t\t\t\t\t\t\t\t<img decoding=\"async\" width=\"150\" height=\"150\" src=\"https:\/\/coreconsulting.com.br\/wp-content\/uploads\/sites\/5\/2020\/09\/ricardinho-novo-150x150-1.png\" class=\"attachment-large size-large wp-image-3114\" alt=\"\" \/>\t\t\t\t\t\t\t\t\t\t\t<figcaption class=\"widget-image-caption wp-caption-text\">Ricardo Gon\u00e7alves<\/figcaption>\n\t\t\t\t\t\t\t\t\t\t<\/figure>\n\t\t\t\t\t\t\t\t\t<\/div>\n\t\t\t\t<\/div>\n\t\t\t\t\t<\/div>\n\t\t<\/div>\n\t\t\t\t<div class=\"elementor-column elementor-col-33 elementor-top-column elementor-element elementor-element-e29d105\" data-id=\"e29d105\" data-element_type=\"column\" data-e-type=\"column\">\n\t\t\t<div class=\"elementor-widget-wrap elementor-element-populated\">\n\t\t\t\t\t\t<div class=\"elementor-element elementor-element-45d4f9a elementor-widget elementor-widget-image\" data-id=\"45d4f9a\" data-element_type=\"widget\" data-e-type=\"widget\" data-widget_type=\"image.default\">\n\t\t\t\t<div class=\"elementor-widget-container\">\n\t\t\t\t\t\t\t\t\t\t\t\t<figure class=\"wp-caption\">\n\t\t\t\t\t\t\t\t\t\t<img decoding=\"async\" width=\"150\" height=\"150\" src=\"https:\/\/coreconsulting.com.br\/wp-content\/uploads\/sites\/5\/2020\/09\/andre-1-2-150x150-1.png\" class=\"attachment-large size-large wp-image-3129\" alt=\"\" \/>\t\t\t\t\t\t\t\t\t\t\t<figcaption class=\"widget-image-caption wp-caption-text\">Andr\u00e9 Toffanello<\/figcaption>\n\t\t\t\t\t\t\t\t\t\t<\/figure>\n\t\t\t\t\t\t\t\t\t<\/div>\n\t\t\t\t<\/div>\n\t\t\t\t\t<\/div>\n\t\t<\/div>\n\t\t\t\t\t<\/div>\n\t\t<\/section>\n\t\t\t\t<\/div>","protected":false},"excerpt":{"rendered":"<p>Sobre A Core Consulting \u00e9 uma empresa especializada no desenvolvimento de solu\u00e7\u00f5es tecnol\u00f3gicas de servi\u00e7os digitais de sa\u00fade. Oferece ao mercado o Fluxmed,\u00a0 plataforma para o desenvolvimento de servi\u00e7os digitais de sa\u00fade. A experi\u00eancia na implanta\u00e7\u00e3o e desenvolvimento de projetos para empresas p\u00fablicas e privadas, ag\u00eancias reguladoras, \u00f3rg\u00e3os governamentais e coopera\u00e7\u00e3o internacional, distinguem Core Consulting [&hellip;]<\/p>\n","protected":false},"author":2,"featured_media":0,"parent":0,"menu_order":0,"comment_status":"closed","ping_status":"closed","template":"","meta":{"_acf_changed":false,"_eb_attr":"","_joinchat":[],"footnotes":""},"class_list":["post-3850","page","type-page","status-publish","hentry"],"acf":[],"_links":{"self":[{"href":"https:\/\/coreconsulting.com.br\/en\/wp-json\/wp\/v2\/pages\/3850","targetHints":{"allow":["GET"]}}],"collection":[{"href":"https:\/\/coreconsulting.com.br\/en\/wp-json\/wp\/v2\/pages"}],"about":[{"href":"https:\/\/coreconsulting.com.br\/en\/wp-json\/wp\/v2\/types\/page"}],"author":[{"embeddable":true,"href":"https:\/\/coreconsulting.com.br\/en\/wp-json\/wp\/v2\/users\/2"}],"replies":[{"embeddable":true,"href":"https:\/\/coreconsulting.com.br\/en\/wp-json\/wp\/v2\/comments?post=3850"}],"version-history":[{"count":45,"href":"https:\/\/coreconsulting.com.br\/en\/wp-json\/wp\/v2\/pages\/3850\/revisions"}],"predecessor-version":[{"id":4333,"href":"https:\/\/coreconsulting.com.br\/en\/wp-json\/wp\/v2\/pages\/3850\/revisions\/4333"}],"wp:attachment":[{"href":"https:\/\/coreconsulting.com.br\/en\/wp-json\/wp\/v2\/media?parent=3850"}],"curies":[{"name":"wp","href":"https:\/\/api.w.org\/{rel}","templated":true}]}}